{"id":1669,"date":"2022-07-11T20:41:05","date_gmt":"2022-07-11T20:41:05","guid":{"rendered":"https:\/\/buybluepills.com\/?post_type=product&#038;p=1669"},"modified":"2024-12-02T15:47:23","modified_gmt":"2024-12-02T15:47:23","slug":"sildenafil-200-mg-generic-viagra-as-low-as-1-35-usd-per-tablets","status":"publish","type":"product","link":"https:\/\/buybluepills.com\/fr\/produit\/sildenafil-200-mg-generic-viagra-as-low-as-1-35-usd-per-tablets\/","title":{"rendered":"Sild\u00e9nafil 200 mg VIAGRA G\u00c9N\u00c9RIQUE (\u00e0 partir de 1,35 USD par comprim\u00e9)"},"content":{"rendered":"<p><strong>VEUILLEZ NOTER QUE CE PRODUIT EST<\/strong><strong> CENFORCE DE MARQUE (COMME INDIQU\u00c9 SUR L&#039;IMAGE), IL EST VENDU EN BLISTER DE 10 ONGLETS<\/strong><\/p>\n<p><strong>Si vous r\u00e9sidez aux \u00c9tats-Unis, VOTRE COMMANDE SERA EXP\u00c9DI\u00c9E \u00c0 PARTIR DES \u00c9TATS-UNIS OU DU CANADA.<\/strong><\/p>\n<p><strong>La livraison est garantie 100% et prend environ 2 \u00e0 5 jours pour arriver.<\/strong><\/p>\n<p>&nbsp;<\/p>\n<p>BIENVENUE GROSSISTE, SEULEMENT $ 675 USD POUR 50 PAQUETS DE 10 COMPRIM\u00c9S DE SILD\u00c9NAFIL 100MG\u00a0!<\/p>\n<p><strong>VEUILLEZ NOTER QUE CETTE PILULE EST DOUBLE DOSE, VOUS NE DEVEZ PAS PRENDRE PLUS D&#039;UNE DEMI-PILULE.<\/strong><\/p>","protected":false},"excerpt":{"rendered":"<blockquote><p><strong><em>\u00a0<\/em><\/strong><\/p><\/blockquote>\n<p><strong>VEUILLEZ NOTER QUE CE PRODUIT EST<\/strong><strong> CENFORCE DE MARQUE (COMME INDIQU\u00c9 SUR L&#039;IMAGE)<br \/>\n<\/strong><\/p>\n<p>&nbsp;<\/p>\n<p>Le Sild\u00e9nafil est utilis\u00e9 pour traiter les probl\u00e8mes de fonction sexuelle masculine (impuissance ou <a href=\"https:\/\/www.webmd.com\/erectile-dysfunction\/default.htm\">dysfonction \u00e9rectile<\/a>-ED). En combinaison avec une stimulation sexuelle, le sild\u00e9nafil agit en augmentant <a href=\"https:\/\/www.webmd.com\/heart\/anatomy-picture-of-blood\">sang<\/a> couler vers le <a href=\"https:\/\/www.webmd.com\/men\/picture-of-the-penis\">p\u00e9nis<\/a> pour aider un homme \u00e0 obtenir et \u00e0 maintenir une \u00e9rection.<\/p>\n<p>&nbsp;<\/p>\n<div class=\"nhsuk-grid-row\">\n<div class=\"nhsuk-grid-column-two-thirds\">\n<h1>Qui peut et ne peut pas prendre du sild\u00e9nafil, du tadalafil ou du vard\u00e9nafil<\/h1>\n<\/div>\n<\/div>\n<article>\n<div class=\"nhsuk-grid-row\">\n<div class=\"nhsuk-grid-column-two-thirds\">\n<section>\n<h2 id=\"who-its-for\"><\/h2>\n<p data-block-key=\"itmk7\">La plupart des hommes \u00e2g\u00e9s de 18 ans et plus peuvent prendre du sild\u00e9nafil, du tadalafil ou du vard\u00e9nafil.<\/p>\n<p data-block-key=\"itmk7\">pour la dysfonction \u00e9rectile.<\/p>\n<h2 data-block-key=\"77lof\"><b>Qui ne pourra peut-\u00eatre pas prendre<\/b> <b>sild\u00e9nafil et Tadalafil ou Vard\u00e9nafil<br \/>\n<\/b><\/h2>\n<p data-block-key=\"5mcq1\">Le Sild\u00e9nafil &amp; Tadalafil ou le Vard\u00e9nafil ne conviennent pas \u00e0 certaines personnes. Pour vous assurer que ce produit est sans danger pour vous, parlez-en \u00e0 votre m\u00e9decin ou \u00e0 votre pharmacien avant de prendre du sild\u00e9nafil et du tadalafil ou du vard\u00e9nafil si vous\u00a0:<\/p>\n<ul>\n<li data-block-key=\"5sltr\">avez d\u00e9j\u00e0 eu une r\u00e9action allergique au sild\u00e9nafil ou \u00e0 tout autre m\u00e9dicament<\/li>\n<li data-block-key=\"4osh0\">vous prenez des m\u00e9dicaments appel\u00e9s nitrates pour soulager les douleurs thoraciques (<a href=\"https:\/\/www.nhs.uk\/conditions\/angina\/\">angine<\/a>)<\/li>\n<li data-block-key=\"elcfq\">avez un probl\u00e8me cardiaque ou h\u00e9patique grave<\/li>\n<li data-block-key=\"8hkde\">j&#039;ai r\u00e9cemment eu un <a href=\"https:\/\/www.nhs.uk\/conditions\/stroke\/\">accident vasculaire c\u00e9r\u00e9bral<\/a>, <a href=\"https:\/\/www.nhs.uk\/conditions\/heart-attack\/\">crise cardiaque<\/a> ou un probl\u00e8me cardiaque \u2013 votre m\u00e9decin doit v\u00e9rifier soigneusement si votre c\u0153ur peut supporter la pression suppl\u00e9mentaire li\u00e9e aux relations sexuelles<\/li>\n<li data-block-key=\"58t9q\">avoir <a href=\"https:\/\/www.nhs.uk\/conditions\/low-blood-pressure-hypotension\/\">Pression art\u00e9rielle faible<\/a> (hypotension)<\/li>\n<li data-block-key=\"ctavo\">avez une maladie oculaire h\u00e9r\u00e9ditaire rare, telle que la r\u00e9tinite pigmentaire<\/li>\n<li data-block-key=\"d5fj8\">avoir <a href=\"https:\/\/www.nhs.uk\/conditions\/sickle-cell-disease\/\">l&#039;an\u00e9mie falciforme<\/a> (une anomalie des globules rouges), la leuc\u00e9mie (cancer des cellules sanguines) ou <a href=\"https:\/\/www.nhs.uk\/conditions\/multiple-myeloma\/\">my\u00e9lome multiple<\/a> (cancer de la moelle osseuse)<\/li>\n<li data-block-key=\"6o46k\">avez une d\u00e9formation de votre p\u00e9nis ou <a href=\"https:\/\/www.nhs.uk\/common-health-questions\/mens-health\/is-it-normal-to-have-a-curved-penis\/\">La maladie de Peyronie<\/a> (p\u00e9nis courb\u00e9)<\/li>\n<li data-block-key=\"suer\">avoir un <a href=\"https:\/\/www.nhs.uk\/conditions\/stomach-ulcer\/\">ulc\u00e8re de l&#039;estomac<\/a><\/li>\n<li data-block-key=\"332hk\">avez un probl\u00e8me de saignement comme <a href=\"https:\/\/www.nhs.uk\/conditions\/haemophilia\/\">h\u00e9mophilie<\/a><\/li>\n<\/ul>\n<\/section>\n<\/div>\n<\/div>\n<\/article>\n<p>&nbsp;<\/p>\n<p><strong>DOSAGE TR\u00c8S \u00c9LEV\u00c9, NE PRENEZ PAS PLUS D\u2019UNE DEMI-PILULE\u00a0!<\/strong><\/p>\n<p>&nbsp;<\/p>\n<p><strong>\u00a0<\/strong><\/p>","protected":false},"featured_media":3509,"comment_status":"open","ping_status":"closed","template":"","meta":[],"product_cat":[98],"product_tag":[72,75,73,70,74,71],"class_list":{"0":"post-1669","1":"product","2":"type-product","3":"status-publish","4":"has-post-thumbnail","6":"product_cat-canada-e-transfer-warehouse","7":"product_tag-cialis","8":"product_tag-dapoxetine","9":"product_tag-levitra","10":"product_tag-sildenafil","11":"product_tag-tadalafil","12":"product_tag-viagra","14":"first","15":"instock","16":"sold-individually","17":"shipping-taxable","18":"purchasable","19":"product-type-simple"},"yoast_head":"<!-- This site is optimized with the Yoast SEO plugin v21.5 - https:\/\/yoast.com\/wordpress\/plugins\/seo\/ -->\n<title>Sildenafil 200 mg GENERIC VIAGRA (as low as 1.35 USD per tablets) - Buy Blue Pills<\/title>\n<meta name=\"robots\" content=\"index, follow, max-snippet:-1, max-image-preview:large, max-video-preview:-1\" \/>\n<link rel=\"canonical\" href=\"https:\/\/buybluepills.com\/fr\/produit\/sildenafil-200-mg-generic-viagra-as-low-as-1-35-usd-per-tablets\/\" \/>\n<meta property=\"og:locale\" content=\"fr_CA\" \/>\n<meta property=\"og:type\" content=\"article\" \/>\n<meta property=\"og:title\" content=\"Sildenafil 200 mg GENERIC VIAGRA (as low as 1.35 USD per tablets) - Buy Blue Pills\" \/>\n<meta property=\"og:description\" content=\"\u00a0 PLEASE TAKE IN NOTE THAT THIS PRODUCT IS BRANDED CENFORCE (AS SHOWN IN THE PICTURE)   &nbsp;  Sildenafil is used to treat male sexual function problems (impotence or erectile dysfunction-ED). In combination with sexual stimulation, sildenafil works by increasing blood flow to the penis to help a man get and keep an erection.  &nbsp;   Who can and cannot take sildenafil &amp; Tadalafil or Vardenafil       Most men aged 18 and over can take sildenafil &amp; Tadalafil or Vardenafil for erectile dysfunction.  Who may not be able to take sildenafil &amp; Tadalafil or Vardenafil  Sildenafil &amp; Tadalafil or Vardenafil is not suitable for some people. To make sure it&#039;s safe for you, speak to your doctor or pharmacist before taking sildenafil &amp; Tadalafil or Vardenafil if you:    have ever had an allergic reaction to sildenafil or any other medicine  are taking medicines called nitrates for chest pain (angina)  have a serious heart or liver problem  have recently had a stroke, heart attack or a heart problem \u2013 your doctor should carefully check whether your heart can take the additional strain of having sex  have low blood pressure (hypotension)  have a rare inherited eye disease, such as retinitis pigmentosa  have sickle cell anaemia (an abnormality of red blood cells), leukaemia (cancer of blood cells) or multiple myeloma (cancer of bone marrow)  have a deformity of your penis or Peyronie&#039;s disease (curved penis)  have a stomach ulcer  have a bleeding problem like haemophilia    &nbsp;  VERY HIGH DOSAGE, DO NOT TAKE MORE THAN HALF A PILL!  &nbsp;  \u00a0\" \/>\n<meta property=\"og:url\" content=\"https:\/\/buybluepills.com\/fr\/produit\/sildenafil-200-mg-generic-viagra-as-low-as-1-35-usd-per-tablets\/\" \/>\n<meta property=\"og:site_name\" content=\"Buy Blue Pills\" \/>\n<meta property=\"article:modified_time\" content=\"2024-12-02T15:47:23+00:00\" \/>\n<meta property=\"og:image\" content=\"https:\/\/buybluepills.com\/wp-content\/uploads\/2022\/07\/sild200.png\" \/>\n\t<meta property=\"og:image:width\" content=\"500\" \/>\n\t<meta property=\"og:image:height\" content=\"600\" \/>\n\t<meta property=\"og:image:type\" content=\"image\/png\" \/>\n<meta name=\"twitter:card\" content=\"summary_large_image\" \/>\n<meta name=\"twitter:label1\" content=\"Estimation du temps de lecture\" \/>\n\t<meta name=\"twitter:data1\" content=\"1 minute\" \/>\n<script type=\"application\/ld+json\" class=\"yoast-schema-graph\">{\"@context\":\"https:\/\/schema.org\",\"@graph\":[{\"@type\":\"WebPage\",\"@id\":\"https:\/\/buybluepills.com\/product\/sildenafil-200-mg-generic-viagra-as-low-as-1-35-usd-per-tablets\/\",\"url\":\"https:\/\/buybluepills.com\/product\/sildenafil-200-mg-generic-viagra-as-low-as-1-35-usd-per-tablets\/\",\"name\":\"Sildenafil 200 mg GENERIC VIAGRA (as low as 1.35 USD per tablets) - Buy Blue Pills\",\"isPartOf\":{\"@id\":\"https:\/\/buybluepills.com\/#website\"},\"datePublished\":\"2022-07-11T20:41:05+00:00\",\"dateModified\":\"2024-12-02T15:47:23+00:00\",\"breadcrumb\":{\"@id\":\"https:\/\/buybluepills.com\/product\/sildenafil-200-mg-generic-viagra-as-low-as-1-35-usd-per-tablets\/#breadcrumb\"},\"inLanguage\":\"fr-CA\",\"potentialAction\":[{\"@type\":\"ReadAction\",\"target\":[\"https:\/\/buybluepills.com\/product\/sildenafil-200-mg-generic-viagra-as-low-as-1-35-usd-per-tablets\/\"]}]},{\"@type\":\"BreadcrumbList\",\"@id\":\"https:\/\/buybluepills.com\/product\/sildenafil-200-mg-generic-viagra-as-low-as-1-35-usd-per-tablets\/#breadcrumb\",\"itemListElement\":[{\"@type\":\"ListItem\",\"position\":1,\"name\":\"Home\",\"item\":\"https:\/\/buybluepills.com\/\"},{\"@type\":\"ListItem\",\"position\":2,\"name\":\"Shop\",\"item\":\"https:\/\/buybluepills.com\/shop\/\"},{\"@type\":\"ListItem\",\"position\":3,\"name\":\"Sildenafil 200 mg GENERIC VIAGRA (as low as 1.35 USD per tablets)\"}]},{\"@type\":\"WebSite\",\"@id\":\"https:\/\/buybluepills.com\/#website\",\"url\":\"https:\/\/buybluepills.com\/\",\"name\":\"Buy Blue Pills\",\"description\":\"\",\"publisher\":{\"@id\":\"https:\/\/buybluepills.com\/#organization\"},\"potentialAction\":[{\"@type\":\"SearchAction\",\"target\":{\"@type\":\"EntryPoint\",\"urlTemplate\":\"https:\/\/buybluepills.com\/?s={search_term_string}\"},\"query-input\":\"required name=search_term_string\"}],\"inLanguage\":\"fr-CA\"},{\"@type\":\"Organization\",\"@id\":\"https:\/\/buybluepills.com\/#organization\",\"name\":\"Buy Blue Pills\",\"url\":\"https:\/\/buybluepills.com\/\",\"logo\":{\"@type\":\"ImageObject\",\"inLanguage\":\"fr-CA\",\"@id\":\"https:\/\/buybluepills.com\/#\/schema\/logo\/image\/\",\"url\":\"https:\/\/buybluepills.com\/wp-content\/uploads\/2022\/03\/sild200-1.png\",\"contentUrl\":\"https:\/\/buybluepills.com\/wp-content\/uploads\/2022\/03\/sild200-1.png\",\"width\":500,\"height\":600,\"caption\":\"Buy Blue Pills\"},\"image\":{\"@id\":\"https:\/\/buybluepills.com\/#\/schema\/logo\/image\/\"}}]}<\/script>\n<!-- \/ Yoast SEO plugin. -->","yoast_head_json":{"title":"Sildenafil 200 mg GENERIC VIAGRA (as low as 1.35 USD per tablets) - Buy Blue Pills","robots":{"index":"index","follow":"follow","max-snippet":"max-snippet:-1","max-image-preview":"max-image-preview:large","max-video-preview":"max-video-preview:-1"},"canonical":"https:\/\/buybluepills.com\/fr\/produit\/sildenafil-200-mg-generic-viagra-as-low-as-1-35-usd-per-tablets\/","og_locale":"fr_CA","og_type":"article","og_title":"Sildenafil 200 mg GENERIC VIAGRA (as low as 1.35 USD per tablets) - Buy Blue Pills","og_description":"\u00a0 PLEASE TAKE IN NOTE THAT THIS PRODUCT IS BRANDED CENFORCE (AS SHOWN IN THE PICTURE)   &nbsp;  Sildenafil is used to treat male sexual function problems (impotence or erectile dysfunction-ED). In combination with sexual stimulation, sildenafil works by increasing blood flow to the penis to help a man get and keep an erection.  &nbsp;   Who can and cannot take sildenafil &amp; Tadalafil or Vardenafil       Most men aged 18 and over can take sildenafil &amp; Tadalafil or Vardenafil for erectile dysfunction.  Who may not be able to take sildenafil &amp; Tadalafil or Vardenafil  Sildenafil &amp; Tadalafil or Vardenafil is not suitable for some people. To make sure it's safe for you, speak to your doctor or pharmacist before taking sildenafil &amp; Tadalafil or Vardenafil if you:    have ever had an allergic reaction to sildenafil or any other medicine  are taking medicines called nitrates for chest pain (angina)  have a serious heart or liver problem  have recently had a stroke, heart attack or a heart problem \u2013 your doctor should carefully check whether your heart can take the additional strain of having sex  have low blood pressure (hypotension)  have a rare inherited eye disease, such as retinitis pigmentosa  have sickle cell anaemia (an abnormality of red blood cells), leukaemia (cancer of blood cells) or multiple myeloma (cancer of bone marrow)  have a deformity of your penis or Peyronie's disease (curved penis)  have a stomach ulcer  have a bleeding problem like haemophilia    &nbsp;  VERY HIGH DOSAGE, DO NOT TAKE MORE THAN HALF A PILL!  &nbsp;  \u00a0","og_url":"https:\/\/buybluepills.com\/fr\/produit\/sildenafil-200-mg-generic-viagra-as-low-as-1-35-usd-per-tablets\/","og_site_name":"Buy Blue Pills","article_modified_time":"2024-12-02T15:47:23+00:00","og_image":[{"width":500,"height":600,"url":"https:\/\/buybluepills.com\/wp-content\/uploads\/2022\/07\/sild200.png","type":"image\/png"}],"twitter_card":"summary_large_image","twitter_misc":{"Estimation du temps de lecture":"1 minute"},"schema":{"@context":"https:\/\/schema.org","@graph":[{"@type":"WebPage","@id":"https:\/\/buybluepills.com\/product\/sildenafil-200-mg-generic-viagra-as-low-as-1-35-usd-per-tablets\/","url":"https:\/\/buybluepills.com\/product\/sildenafil-200-mg-generic-viagra-as-low-as-1-35-usd-per-tablets\/","name":"Sildenafil 200 mg GENERIC VIAGRA (as low as 1.35 USD per tablets) - Buy Blue Pills","isPartOf":{"@id":"https:\/\/buybluepills.com\/#website"},"datePublished":"2022-07-11T20:41:05+00:00","dateModified":"2024-12-02T15:47:23+00:00","breadcrumb":{"@id":"https:\/\/buybluepills.com\/product\/sildenafil-200-mg-generic-viagra-as-low-as-1-35-usd-per-tablets\/#breadcrumb"},"inLanguage":"fr-CA","potentialAction":[{"@type":"ReadAction","target":["https:\/\/buybluepills.com\/product\/sildenafil-200-mg-generic-viagra-as-low-as-1-35-usd-per-tablets\/"]}]},{"@type":"BreadcrumbList","@id":"https:\/\/buybluepills.com\/product\/sildenafil-200-mg-generic-viagra-as-low-as-1-35-usd-per-tablets\/#breadcrumb","itemListElement":[{"@type":"ListItem","position":1,"name":"Home","item":"https:\/\/buybluepills.com\/"},{"@type":"ListItem","position":2,"name":"Shop","item":"https:\/\/buybluepills.com\/shop\/"},{"@type":"ListItem","position":3,"name":"Sildenafil 200 mg GENERIC VIAGRA (as low as 1.35 USD per tablets)"}]},{"@type":"WebSite","@id":"https:\/\/buybluepills.com\/#website","url":"https:\/\/buybluepills.com\/","name":"Buy Blue Pills","description":"","publisher":{"@id":"https:\/\/buybluepills.com\/#organization"},"potentialAction":[{"@type":"SearchAction","target":{"@type":"EntryPoint","urlTemplate":"https:\/\/buybluepills.com\/?s={search_term_string}"},"query-input":"required name=search_term_string"}],"inLanguage":"fr-CA"},{"@type":"Organization","@id":"https:\/\/buybluepills.com\/#organization","name":"Buy Blue Pills","url":"https:\/\/buybluepills.com\/","logo":{"@type":"ImageObject","inLanguage":"fr-CA","@id":"https:\/\/buybluepills.com\/#\/schema\/logo\/image\/","url":"https:\/\/buybluepills.com\/wp-content\/uploads\/2022\/03\/sild200-1.png","contentUrl":"https:\/\/buybluepills.com\/wp-content\/uploads\/2022\/03\/sild200-1.png","width":500,"height":600,"caption":"Buy Blue Pills"},"image":{"@id":"https:\/\/buybluepills.com\/#\/schema\/logo\/image\/"}}]}},"jetpack_sharing_enabled":true,"_links":{"self":[{"href":"https:\/\/buybluepills.com\/fr\/wp-json\/wp\/v2\/product\/1669","targetHints":{"allow":["GET"]}}],"collection":[{"href":"https:\/\/buybluepills.com\/fr\/wp-json\/wp\/v2\/product"}],"about":[{"href":"https:\/\/buybluepills.com\/fr\/wp-json\/wp\/v2\/types\/product"}],"replies":[{"embeddable":true,"href":"https:\/\/buybluepills.com\/fr\/wp-json\/wp\/v2\/comments?post=1669"}],"wp:featuredmedia":[{"embeddable":true,"href":"https:\/\/buybluepills.com\/fr\/wp-json\/wp\/v2\/media\/3509"}],"wp:attachment":[{"href":"https:\/\/buybluepills.com\/fr\/wp-json\/wp\/v2\/media?parent=1669"}],"wp:term":[{"taxonomy":"product_cat","embeddable":true,"href":"https:\/\/buybluepills.com\/fr\/wp-json\/wp\/v2\/product_cat?post=1669"},{"taxonomy":"product_tag","embeddable":true,"href":"https:\/\/buybluepills.com\/fr\/wp-json\/wp\/v2\/product_tag?post=1669"}],"curies":[{"name":"wp","href":"https:\/\/api.w.org\/{rel}","templated":true}]}}