{"id":4797,"date":"2026-01-01T17:29:35","date_gmt":"2026-01-01T17:29:35","guid":{"rendered":"https:\/\/buybluepills.com\/?post_type=product&#038;p=4797"},"modified":"2026-01-03T21:55:21","modified_gmt":"2026-01-03T21:55:21","slug":"sildenafil-100-mg-chewable-now-cheaper-price-shipping-from-canada","status":"publish","type":"product","link":"https:\/\/buybluepills.com\/fr\/produit\/sildenafil-100-mg-chewable-now-cheaper-price-shipping-from-canada\/","title":{"rendered":"Sild\u00e9nafil 100 mg \u00e0 croquer MAINTENANT \u00c0 PRIX R\u00c9DUIT"},"content":{"rendered":"","protected":false},"excerpt":{"rendered":"<p>shipping from canada<\/p>\n<p><strong>BIENVENUE GROSSISTE, SEULEMENT 2$ CAD UN COMPLET DE SILDENAFIL 100MG !<\/strong><\/p>\n<p><span class=\"ILfuVd\" lang=\"en\"><span class=\"hgKElc\">Sildenafil comes as tablets that are taken by mouth. In most cases, it should be taken about an hour before sexual activity, but it can be taken 30 minutes to 1 hours beforehand.Sildenafil starting dose should be <strong>25 mg (quart de comprim\u00e9) .<\/strong><br \/>\n<\/span><\/span><\/p>\n<p>Le Sild\u00e9nafil est utilis\u00e9 pour traiter les probl\u00e8mes de fonction sexuelle masculine (impuissance ou<a href=\"https:\/\/www.webmd.com\/erectile-dysfunction\/default.htm\"> dysfonction \u00e9rectile<\/a>-ED). En combinaison avec une stimulation sexuelle, le sild\u00e9nafil agit en augmentant<a href=\"https:\/\/www.webmd.com\/heart\/anatomy-picture-of-blood\"> sang<\/a> couler vers le<a href=\"https:\/\/www.webmd.com\/men\/picture-of-the-penis\"> p\u00e9nis<\/a> pour aider un homme \u00e0 obtenir et \u00e0 maintenir une \u00e9rection.<\/p>\n<h2 data-block-key=\"77lof\"><b>Qui ne pourra peut-\u00eatre pas prendre<\/b> <b>sild\u00e9nafil et Tadalafil ou Vard\u00e9nafil<br \/>\n<\/b><\/h2>\n<p data-block-key=\"5mcq1\">Le Sild\u00e9nafil &amp; Tadalafil ou le Vard\u00e9nafil ne conviennent pas \u00e0 certaines personnes. Pour vous assurer que ce produit est sans danger pour vous, parlez-en \u00e0 votre m\u00e9decin ou \u00e0 votre pharmacien avant de prendre du sild\u00e9nafil et du tadalafil ou du vard\u00e9nafil si vous\u00a0:<\/p>\n<ul>\n<li data-block-key=\"5sltr\">avez d\u00e9j\u00e0 eu une r\u00e9action allergique au sild\u00e9nafil ou \u00e0 tout autre m\u00e9dicament<\/li>\n<li data-block-key=\"4osh0\">vous prenez des m\u00e9dicaments appel\u00e9s nitrates pour soulager les douleurs thoraciques (<a href=\"https:\/\/www.nhs.uk\/conditions\/angina\/\">angine<\/a>)<\/li>\n<li data-block-key=\"elcfq\">avez un probl\u00e8me cardiaque ou h\u00e9patique grave<\/li>\n<li data-block-key=\"8hkde\">j&#039;ai r\u00e9cemment eu un <a href=\"https:\/\/www.nhs.uk\/conditions\/stroke\/\">accident vasculaire c\u00e9r\u00e9bral<\/a>, <a href=\"https:\/\/www.nhs.uk\/conditions\/heart-attack\/\">crise cardiaque<\/a> ou un probl\u00e8me cardiaque \u2013 votre m\u00e9decin doit v\u00e9rifier soigneusement si votre c\u0153ur peut supporter la pression suppl\u00e9mentaire li\u00e9e aux relations sexuelles<\/li>\n<li data-block-key=\"58t9q\">avoir <a href=\"https:\/\/www.nhs.uk\/conditions\/low-blood-pressure-hypotension\/\">Pression art\u00e9rielle faible<\/a> (hypotension)<\/li>\n<li data-block-key=\"ctavo\">avez une maladie oculaire h\u00e9r\u00e9ditaire rare, telle que la r\u00e9tinite pigmentaire<\/li>\n<li data-block-key=\"d5fj8\">avoir <a href=\"https:\/\/www.nhs.uk\/conditions\/sickle-cell-disease\/\">l&#039;an\u00e9mie falciforme<\/a> (une anomalie des globules rouges), la leuc\u00e9mie (cancer des cellules sanguines) ou <a href=\"https:\/\/www.nhs.uk\/conditions\/multiple-myeloma\/\">my\u00e9lome multiple<\/a> (cancer de la moelle osseuse)<\/li>\n<li data-block-key=\"6o46k\">avez une d\u00e9formation de votre p\u00e9nis ou <a href=\"https:\/\/www.nhs.uk\/common-health-questions\/mens-health\/is-it-normal-to-have-a-curved-penis\/\">La maladie de Peyronie<\/a> (p\u00e9nis courb\u00e9)<\/li>\n<li data-block-key=\"suer\">avoir un <a href=\"https:\/\/www.nhs.uk\/conditions\/stomach-ulcer\/\">ulc\u00e8re de l&#039;estomac<\/a><\/li>\n<li data-block-key=\"332hk\">avez un probl\u00e8me de saignement comme <a href=\"https:\/\/www.nhs.uk\/conditions\/haemophilia\/\">h\u00e9mophilie<\/a><\/li>\n<\/ul>","protected":false},"featured_media":3510,"comment_status":"open","ping_status":"closed","template":"","meta":[],"product_cat":[98],"product_tag":[72,75,73,76,70,74,71],"class_list":{"0":"post-4797","1":"product","2":"type-product","3":"status-publish","4":"has-post-thumbnail","6":"product_cat-canada-e-transfer-warehouse","7":"product_tag-cialis","8":"product_tag-dapoxetine","9":"product_tag-levitra","10":"product_tag-prigily","11":"product_tag-sildenafil","12":"product_tag-tadalafil","13":"product_tag-viagra","15":"first","16":"instock","17":"sold-individually","18":"shipping-taxable","19":"purchasable","20":"product-type-simple"},"yoast_head":"<!-- This site is optimized with the Yoast SEO plugin v21.5 - https:\/\/yoast.com\/wordpress\/plugins\/seo\/ -->\n<title>Sildenafil 100 mg chewable NOW CHEAPER PRICE - Buy Blue Pills<\/title>\n<meta name=\"description\" content=\"Enjoy the benefits of Chewable Sildenafil 100 mg GENERIC VIAGRA at just 6.50 CAD per tablet. Boost your sexual vitality with this affordable option.\" \/>\n<meta name=\"robots\" content=\"index, follow, max-snippet:-1, max-image-preview:large, max-video-preview:-1\" \/>\n<link rel=\"canonical\" href=\"https:\/\/buybluepills.com\/fr\/produit\/sildenafil-100-mg-chewable-now-cheaper-price-shipping-from-canada\/\" \/>\n<meta property=\"og:locale\" content=\"fr_CA\" \/>\n<meta property=\"og:type\" content=\"article\" \/>\n<meta property=\"og:title\" content=\"Sildenafil 100 mg chewable NOW CHEAPER PRICE - Buy Blue Pills\" \/>\n<meta property=\"og:description\" content=\"Enjoy the benefits of Chewable Sildenafil 100 mg GENERIC VIAGRA at just 6.50 CAD per tablet. Boost your sexual vitality with this affordable option.\" \/>\n<meta property=\"og:url\" content=\"https:\/\/buybluepills.com\/fr\/produit\/sildenafil-100-mg-chewable-now-cheaper-price-shipping-from-canada\/\" \/>\n<meta property=\"og:site_name\" content=\"Buy Blue Pills\" \/>\n<meta property=\"article:modified_time\" content=\"2026-01-03T21:55:21+00:00\" \/>\n<meta property=\"og:image\" content=\"https:\/\/buybluepills.com\/wp-content\/uploads\/2022\/07\/sild100chew.png\" \/>\n\t<meta property=\"og:image:width\" content=\"500\" \/>\n\t<meta property=\"og:image:height\" content=\"600\" \/>\n\t<meta property=\"og:image:type\" content=\"image\/png\" \/>\n<meta name=\"twitter:card\" content=\"summary_large_image\" \/>\n<script type=\"application\/ld+json\" class=\"yoast-schema-graph\">{\"@context\":\"https:\/\/schema.org\",\"@graph\":[{\"@type\":\"WebPage\",\"@id\":\"https:\/\/buybluepills.com\/product\/sildenafil-100-mg-chewable-now-cheaper-price-shipping-from-canada\/\",\"url\":\"https:\/\/buybluepills.com\/product\/sildenafil-100-mg-chewable-now-cheaper-price-shipping-from-canada\/\",\"name\":\"Sildenafil 100 mg chewable NOW CHEAPER PRICE - Buy Blue Pills\",\"isPartOf\":{\"@id\":\"https:\/\/buybluepills.com\/#website\"},\"datePublished\":\"2026-01-01T17:29:35+00:00\",\"dateModified\":\"2026-01-03T21:55:21+00:00\",\"description\":\"Enjoy the benefits of Chewable Sildenafil 100 mg GENERIC VIAGRA at just 6.50 CAD per tablet. Boost your sexual vitality with this affordable option.\",\"breadcrumb\":{\"@id\":\"https:\/\/buybluepills.com\/product\/sildenafil-100-mg-chewable-now-cheaper-price-shipping-from-canada\/#breadcrumb\"},\"inLanguage\":\"fr-CA\",\"potentialAction\":[{\"@type\":\"ReadAction\",\"target\":[\"https:\/\/buybluepills.com\/product\/sildenafil-100-mg-chewable-now-cheaper-price-shipping-from-canada\/\"]}]},{\"@type\":\"BreadcrumbList\",\"@id\":\"https:\/\/buybluepills.com\/product\/sildenafil-100-mg-chewable-now-cheaper-price-shipping-from-canada\/#breadcrumb\",\"itemListElement\":[{\"@type\":\"ListItem\",\"position\":1,\"name\":\"Home\",\"item\":\"https:\/\/buybluepills.com\/\"},{\"@type\":\"ListItem\",\"position\":2,\"name\":\"Shop\",\"item\":\"https:\/\/buybluepills.com\/shop\/\"},{\"@type\":\"ListItem\",\"position\":3,\"name\":\"Sildenafil 100 mg chewable NOW CHEAPER PRICE\"}]},{\"@type\":\"WebSite\",\"@id\":\"https:\/\/buybluepills.com\/#website\",\"url\":\"https:\/\/buybluepills.com\/\",\"name\":\"Buy Blue Pills\",\"description\":\"\",\"publisher\":{\"@id\":\"https:\/\/buybluepills.com\/#organization\"},\"potentialAction\":[{\"@type\":\"SearchAction\",\"target\":{\"@type\":\"EntryPoint\",\"urlTemplate\":\"https:\/\/buybluepills.com\/?s={search_term_string}\"},\"query-input\":\"required name=search_term_string\"}],\"inLanguage\":\"fr-CA\"},{\"@type\":\"Organization\",\"@id\":\"https:\/\/buybluepills.com\/#organization\",\"name\":\"Buy Blue Pills\",\"url\":\"https:\/\/buybluepills.com\/\",\"logo\":{\"@type\":\"ImageObject\",\"inLanguage\":\"fr-CA\",\"@id\":\"https:\/\/buybluepills.com\/#\/schema\/logo\/image\/\",\"url\":\"https:\/\/buybluepills.com\/wp-content\/uploads\/2022\/03\/sild200-1.png\",\"contentUrl\":\"https:\/\/buybluepills.com\/wp-content\/uploads\/2022\/03\/sild200-1.png\",\"width\":500,\"height\":600,\"caption\":\"Buy Blue Pills\"},\"image\":{\"@id\":\"https:\/\/buybluepills.com\/#\/schema\/logo\/image\/\"}}]}<\/script>\n<!-- \/ Yoast SEO plugin. -->","yoast_head_json":{"title":"Sildenafil 100 mg chewable NOW CHEAPER PRICE - Buy Blue Pills","description":"Enjoy the benefits of Chewable Sildenafil 100 mg GENERIC VIAGRA at just 6.50 CAD per tablet. Boost your sexual vitality with this affordable option.","robots":{"index":"index","follow":"follow","max-snippet":"max-snippet:-1","max-image-preview":"max-image-preview:large","max-video-preview":"max-video-preview:-1"},"canonical":"https:\/\/buybluepills.com\/fr\/produit\/sildenafil-100-mg-chewable-now-cheaper-price-shipping-from-canada\/","og_locale":"fr_CA","og_type":"article","og_title":"Sildenafil 100 mg chewable NOW CHEAPER PRICE - Buy Blue Pills","og_description":"Enjoy the benefits of Chewable Sildenafil 100 mg GENERIC VIAGRA at just 6.50 CAD per tablet. Boost your sexual vitality with this affordable option.","og_url":"https:\/\/buybluepills.com\/fr\/produit\/sildenafil-100-mg-chewable-now-cheaper-price-shipping-from-canada\/","og_site_name":"Buy Blue Pills","article_modified_time":"2026-01-03T21:55:21+00:00","og_image":[{"width":500,"height":600,"url":"https:\/\/buybluepills.com\/wp-content\/uploads\/2022\/07\/sild100chew.png","type":"image\/png"}],"twitter_card":"summary_large_image","schema":{"@context":"https:\/\/schema.org","@graph":[{"@type":"WebPage","@id":"https:\/\/buybluepills.com\/product\/sildenafil-100-mg-chewable-now-cheaper-price-shipping-from-canada\/","url":"https:\/\/buybluepills.com\/product\/sildenafil-100-mg-chewable-now-cheaper-price-shipping-from-canada\/","name":"Sildenafil 100 mg chewable NOW CHEAPER PRICE - Buy Blue Pills","isPartOf":{"@id":"https:\/\/buybluepills.com\/#website"},"datePublished":"2026-01-01T17:29:35+00:00","dateModified":"2026-01-03T21:55:21+00:00","description":"Enjoy the benefits of Chewable Sildenafil 100 mg GENERIC VIAGRA at just 6.50 CAD per tablet. Boost your sexual vitality with this affordable option.","breadcrumb":{"@id":"https:\/\/buybluepills.com\/product\/sildenafil-100-mg-chewable-now-cheaper-price-shipping-from-canada\/#breadcrumb"},"inLanguage":"fr-CA","potentialAction":[{"@type":"ReadAction","target":["https:\/\/buybluepills.com\/product\/sildenafil-100-mg-chewable-now-cheaper-price-shipping-from-canada\/"]}]},{"@type":"BreadcrumbList","@id":"https:\/\/buybluepills.com\/product\/sildenafil-100-mg-chewable-now-cheaper-price-shipping-from-canada\/#breadcrumb","itemListElement":[{"@type":"ListItem","position":1,"name":"Home","item":"https:\/\/buybluepills.com\/"},{"@type":"ListItem","position":2,"name":"Shop","item":"https:\/\/buybluepills.com\/shop\/"},{"@type":"ListItem","position":3,"name":"Sildenafil 100 mg chewable NOW CHEAPER PRICE"}]},{"@type":"WebSite","@id":"https:\/\/buybluepills.com\/#website","url":"https:\/\/buybluepills.com\/","name":"Buy Blue Pills","description":"","publisher":{"@id":"https:\/\/buybluepills.com\/#organization"},"potentialAction":[{"@type":"SearchAction","target":{"@type":"EntryPoint","urlTemplate":"https:\/\/buybluepills.com\/?s={search_term_string}"},"query-input":"required name=search_term_string"}],"inLanguage":"fr-CA"},{"@type":"Organization","@id":"https:\/\/buybluepills.com\/#organization","name":"Buy Blue Pills","url":"https:\/\/buybluepills.com\/","logo":{"@type":"ImageObject","inLanguage":"fr-CA","@id":"https:\/\/buybluepills.com\/#\/schema\/logo\/image\/","url":"https:\/\/buybluepills.com\/wp-content\/uploads\/2022\/03\/sild200-1.png","contentUrl":"https:\/\/buybluepills.com\/wp-content\/uploads\/2022\/03\/sild200-1.png","width":500,"height":600,"caption":"Buy Blue Pills"},"image":{"@id":"https:\/\/buybluepills.com\/#\/schema\/logo\/image\/"}}]}},"jetpack_sharing_enabled":true,"_links":{"self":[{"href":"https:\/\/buybluepills.com\/fr\/wp-json\/wp\/v2\/product\/4797","targetHints":{"allow":["GET"]}}],"collection":[{"href":"https:\/\/buybluepills.com\/fr\/wp-json\/wp\/v2\/product"}],"about":[{"href":"https:\/\/buybluepills.com\/fr\/wp-json\/wp\/v2\/types\/product"}],"replies":[{"embeddable":true,"href":"https:\/\/buybluepills.com\/fr\/wp-json\/wp\/v2\/comments?post=4797"}],"wp:featuredmedia":[{"embeddable":true,"href":"https:\/\/buybluepills.com\/fr\/wp-json\/wp\/v2\/media\/3510"}],"wp:attachment":[{"href":"https:\/\/buybluepills.com\/fr\/wp-json\/wp\/v2\/media?parent=4797"}],"wp:term":[{"taxonomy":"product_cat","embeddable":true,"href":"https:\/\/buybluepills.com\/fr\/wp-json\/wp\/v2\/product_cat?post=4797"},{"taxonomy":"product_tag","embeddable":true,"href":"https:\/\/buybluepills.com\/fr\/wp-json\/wp\/v2\/product_tag?post=4797"}],"curies":[{"name":"wp","href":"https:\/\/api.w.org\/{rel}","templated":true}]}}