{"id":688,"date":"2022-03-03T16:43:10","date_gmt":"2022-03-03T16:43:10","guid":{"rendered":"https:\/\/buybluepills.com\/?post_type=product&#038;p=688"},"modified":"2024-04-12T23:52:13","modified_gmt":"2024-04-12T23:52:13","slug":"tadalafil-40-mg-generic-cialis-as-low-as-2-usd-per-tablets","status":"publish","type":"product","link":"https:\/\/buybluepills.com\/fr\/produit\/tadalafil-40-mg-generic-cialis-as-low-as-2-usd-per-tablets\/","title":{"rendered":"Tadalafil 40 mg CIALIS G\u00c9N\u00c9RIQUE (aussi bas que 10,24 CAD par comprim\u00e9)"},"content":{"rendered":"<p><strong>VEUILLEZ NOTER QUE CETTE PILULE EST DOUBLE DOSE, VOUS NE DEVEZ PAS PRENDRE PLUS D&#039;UNE DEMI-PILULE.<\/strong><\/p>\n<p>Diff\u00e9rents traitements<\/p>\n<p>Il existe de nombreux traitements oraux contre la dysfonction \u00e9rectile, comme le Tadalafil. Tadalafil est la version g\u00e9n\u00e9rique du Cialis. Il est fabriqu\u00e9 de la m\u00eame mani\u00e8re et produit le m\u00eame effet mais est vendu \u00e0 un prix moins cher.<\/p>\n<p>Le traitement consiste \u00e0 \u00e9valuer les facteurs psychologiques et physiques contribuant \u00e0 la dysfonction \u00e9rectile. Une majorit\u00e9 d\u2019hommes pourront essayer des m\u00e9dicaments qui inhibent la PDE5, comme le tadalafil, le sild\u00e9nafil ou le vard\u00e9nafil. Un traitement r\u00e9ussi de la dysfonction \u00e9rectile am\u00e9liore l\u2019estime de soi, la confiance, les sympt\u00f4mes de d\u00e9pression et les relations sexuelles.<\/p>\n<p>&nbsp;<\/p>\n<div class=\"nhsuk-grid-row\">\n<div class=\"nhsuk-grid-column-two-thirds\">\n<h1>Qui peut et ne peut pas prendre du sild\u00e9nafil, du tadalafil ou du vard\u00e9nafil<\/h1>\n<\/div>\n<\/div>\n<article>\n<div class=\"nhsuk-grid-row\">\n<div class=\"nhsuk-grid-column-two-thirds\">\n<section>\n<h2 id=\"who-its-for\"><\/h2>\n<p data-block-key=\"itmk7\">La plupart des hommes \u00e2g\u00e9s de 18 ans et plus peuvent prendre du sild\u00e9nafil, du tadalafil ou du vard\u00e9nafil.<\/p>\n<p data-block-key=\"itmk7\">pour la dysfonction \u00e9rectile.<\/p>\n<h2 data-block-key=\"77lof\"><b>Qui ne pourra peut-\u00eatre pas prendre<\/b> <b>sild\u00e9nafil et Tadalafil ou Vard\u00e9nafil<br \/>\n<\/b><\/h2>\n<p data-block-key=\"5mcq1\">Le Sild\u00e9nafil &amp; Tadalafil ou le Vard\u00e9nafil ne conviennent pas \u00e0 certaines personnes. Pour vous assurer que ce produit est sans danger pour vous, parlez-en \u00e0 votre m\u00e9decin ou \u00e0 votre pharmacien avant de prendre du sild\u00e9nafil et du tadalafil ou du vard\u00e9nafil si vous\u00a0:<\/p>\n<ul>\n<li data-block-key=\"5sltr\">avez d\u00e9j\u00e0 eu une r\u00e9action allergique au sild\u00e9nafil ou \u00e0 tout autre m\u00e9dicament<\/li>\n<li data-block-key=\"4osh0\">vous prenez des m\u00e9dicaments appel\u00e9s nitrates pour soulager les douleurs thoraciques (<a href=\"https:\/\/www.nhs.uk\/conditions\/angina\/\">angine<\/a>)<\/li>\n<li data-block-key=\"elcfq\">avez un probl\u00e8me cardiaque ou h\u00e9patique grave<\/li>\n<li data-block-key=\"8hkde\">j&#039;ai r\u00e9cemment eu un <a href=\"https:\/\/www.nhs.uk\/conditions\/stroke\/\">accident vasculaire c\u00e9r\u00e9bral<\/a>, <a href=\"https:\/\/www.nhs.uk\/conditions\/heart-attack\/\">crise cardiaque<\/a> ou un probl\u00e8me cardiaque \u2013 votre m\u00e9decin doit v\u00e9rifier soigneusement si votre c\u0153ur peut supporter la pression suppl\u00e9mentaire li\u00e9e aux relations sexuelles<\/li>\n<li data-block-key=\"58t9q\">avoir <a href=\"https:\/\/www.nhs.uk\/conditions\/low-blood-pressure-hypotension\/\">Pression art\u00e9rielle faible<\/a> (hypotension)<\/li>\n<li data-block-key=\"ctavo\">avez une maladie oculaire h\u00e9r\u00e9ditaire rare, telle que la r\u00e9tinite pigmentaire<\/li>\n<li data-block-key=\"d5fj8\">avoir <a href=\"https:\/\/www.nhs.uk\/conditions\/sickle-cell-disease\/\">l&#039;an\u00e9mie falciforme<\/a> (une anomalie des globules rouges), la leuc\u00e9mie (cancer des cellules sanguines) ou <a href=\"https:\/\/www.nhs.uk\/conditions\/multiple-myeloma\/\">my\u00e9lome multiple<\/a> (cancer de la moelle osseuse)<\/li>\n<li data-block-key=\"6o46k\">avez une d\u00e9formation de votre p\u00e9nis ou <a href=\"https:\/\/www.nhs.uk\/common-health-questions\/mens-health\/is-it-normal-to-have-a-curved-penis\/\">La maladie de Peyronie<\/a> (p\u00e9nis courb\u00e9)<\/li>\n<li data-block-key=\"suer\">avoir un <a href=\"https:\/\/www.nhs.uk\/conditions\/stomach-ulcer\/\">ulc\u00e8re de l&#039;estomac<\/a><\/li>\n<li data-block-key=\"332hk\">avez un probl\u00e8me de saignement comme <a href=\"https:\/\/www.nhs.uk\/conditions\/haemophilia\/\">h\u00e9mophilie<\/a><\/li>\n<\/ul>\n<\/section>\n<\/div>\n<\/div>\n<\/article>\n<p>&nbsp;<\/p>","protected":false},"excerpt":{"rendered":"<p><strong>VEUILLEZ NOTER QUE CE PRODUIT EST<\/strong><strong> MARQUE VIDALISTA (COMME MONTR\u00c9 SUR L&#039;IMAGE) IL EST SOUS BLISTER SUR 10 ONGLETS<\/strong><\/p>\n<p>&nbsp;<\/p>\n<p>Tadalafil est utilis\u00e9 pour traiter les probl\u00e8mes de fonction sexuelle masculine (impuissance ou dysfonction \u00e9rectile-ED)<\/p>\n<p>Pour traiter la dysfonction \u00e9rectile-ED, le tadalafil peut \u00eatre prescrit de deux mani\u00e8res. Votre m\u00e9decin d\u00e9terminera quelle est la meilleure fa\u00e7on pour vous de prendre du tadalafil. Suivez exactement les instructions de votre m\u00e9decin puisque votre posologie d\u00e9pend de la fa\u00e7on dont vous le prenez. La premi\u00e8re consiste \u00e0 le prendre au besoin, g\u00e9n\u00e9ralement au moins 30 minutes avant l\u2019activit\u00e9 sexuelle. L&#039;effet du tadalafil sur la capacit\u00e9 sexuelle peut durer jusqu&#039;\u00e0 36 heures.<\/p>\n<p>La deuxi\u00e8me fa\u00e7on de traiter la dysfonction \u00e9rectile consiste \u00e0 prendre du tadalafil r\u00e9guli\u00e8rement, une fois par jour. Si vous le prenez de cette fa\u00e7on, vous pouvez tenter une activit\u00e9 sexuelle \u00e0 tout moment entre vos doses.<\/p>\n<p>TOUS NOS PRODUITS SONT AUTORIS\u00c9S PAR LA FDA, SCELL\u00c9S DANS DES BLISTERS AVEC UNE DATE D&#039;EXPIRATION MINIMUM DE 2 ANS<\/p>","protected":false},"featured_media":3508,"comment_status":"open","ping_status":"closed","template":"","meta":[],"product_cat":[98],"product_tag":[72,75,73,70,74,71],"class_list":{"0":"post-688","1":"product","2":"type-product","3":"status-publish","4":"has-post-thumbnail","6":"product_cat-canada-e-transfer-warehouse","7":"product_tag-cialis","8":"product_tag-dapoxetine","9":"product_tag-levitra","10":"product_tag-sildenafil","11":"product_tag-tadalafil","12":"product_tag-viagra","14":"first","15":"instock","16":"sold-individually","17":"shipping-taxable","18":"purchasable","19":"product-type-simple"},"yoast_head":"<!-- This site is optimized with the Yoast SEO plugin v21.5 - https:\/\/yoast.com\/wordpress\/plugins\/seo\/ -->\n<title>Tadalafil 40 mg GENERIC CIALIS (as low as 10.24 CAD per tablets) - Buy Blue Pills<\/title>\n<meta name=\"robots\" content=\"index, follow, max-snippet:-1, max-image-preview:large, max-video-preview:-1\" \/>\n<link rel=\"canonical\" href=\"https:\/\/buybluepills.com\/fr\/produit\/tadalafil-40-mg-generic-cialis-as-low-as-2-usd-per-tablets\/\" \/>\n<meta property=\"og:locale\" content=\"fr_CA\" \/>\n<meta property=\"og:type\" content=\"article\" \/>\n<meta property=\"og:title\" content=\"Tadalafil 40 mg GENERIC CIALIS (as low as 10.24 CAD per tablets) - Buy Blue Pills\" \/>\n<meta property=\"og:description\" content=\"PLEASE TAKE IN NOTE THAT THIS PRODUCT IS BRANDED VIDALISTA (AS SHOWN IN THE PICTURE) IT COME IN BLISTER ON 10 TABS  &nbsp;  Tadalafil is used to treat male sexual function problems (impotence or erectile dysfunction-ED)  To treat erectile dysfunction-ED, there are 2 ways that tadalafil may be prescribed. Your doctor will determine which is the best way for you to take tadalafil. Follow your doctor&#039;s directions exactly since your dosage depends on how you are taking it. The first way is to take it as needed, usually at least 30 minutes before sexual activity. Tadalafil&#039;s effect on sexual ability may last up to 36 hours.  The second way to treat ED is to take tadalafil regularly, once a day every day. If you take it this way, you may attempt sexual activity at any time between your doses.  ALL OUR PRODUCTS ARE FDA AUTHORIZED , SEALED IN BLISTER STRIPS WITH A\u00a0 MINIMUM 2 YEARS EXPIRY DATE\" \/>\n<meta property=\"og:url\" content=\"https:\/\/buybluepills.com\/fr\/produit\/tadalafil-40-mg-generic-cialis-as-low-as-2-usd-per-tablets\/\" \/>\n<meta property=\"og:site_name\" content=\"Buy Blue Pills\" \/>\n<meta property=\"article:modified_time\" content=\"2024-04-12T23:52:13+00:00\" \/>\n<meta property=\"og:image\" content=\"https:\/\/buybluepills.com\/wp-content\/uploads\/2022\/07\/tada40.png\" \/>\n\t<meta property=\"og:image:width\" content=\"500\" \/>\n\t<meta property=\"og:image:height\" content=\"600\" \/>\n\t<meta property=\"og:image:type\" content=\"image\/png\" \/>\n<meta name=\"twitter:card\" content=\"summary_large_image\" \/>\n<meta name=\"twitter:label1\" content=\"Estimation du temps de lecture\" \/>\n\t<meta name=\"twitter:data1\" content=\"2 minutes\" \/>\n<script type=\"application\/ld+json\" class=\"yoast-schema-graph\">{\"@context\":\"https:\/\/schema.org\",\"@graph\":[{\"@type\":\"WebPage\",\"@id\":\"https:\/\/buybluepills.com\/product\/tadalafil-40-mg-generic-cialis-as-low-as-2-usd-per-tablets\/\",\"url\":\"https:\/\/buybluepills.com\/product\/tadalafil-40-mg-generic-cialis-as-low-as-2-usd-per-tablets\/\",\"name\":\"Tadalafil 40 mg GENERIC CIALIS (as low as 10.24 CAD per tablets) - Buy Blue Pills\",\"isPartOf\":{\"@id\":\"https:\/\/buybluepills.com\/#website\"},\"datePublished\":\"2022-03-03T16:43:10+00:00\",\"dateModified\":\"2024-04-12T23:52:13+00:00\",\"breadcrumb\":{\"@id\":\"https:\/\/buybluepills.com\/product\/tadalafil-40-mg-generic-cialis-as-low-as-2-usd-per-tablets\/#breadcrumb\"},\"inLanguage\":\"fr-CA\",\"potentialAction\":[{\"@type\":\"ReadAction\",\"target\":[\"https:\/\/buybluepills.com\/product\/tadalafil-40-mg-generic-cialis-as-low-as-2-usd-per-tablets\/\"]}]},{\"@type\":\"BreadcrumbList\",\"@id\":\"https:\/\/buybluepills.com\/product\/tadalafil-40-mg-generic-cialis-as-low-as-2-usd-per-tablets\/#breadcrumb\",\"itemListElement\":[{\"@type\":\"ListItem\",\"position\":1,\"name\":\"Home\",\"item\":\"https:\/\/buybluepills.com\/\"},{\"@type\":\"ListItem\",\"position\":2,\"name\":\"Shop\",\"item\":\"https:\/\/buybluepills.com\/shop\/\"},{\"@type\":\"ListItem\",\"position\":3,\"name\":\"Tadalafil 40 mg GENERIC CIALIS (as low as 10.24 CAD per tablets)\"}]},{\"@type\":\"WebSite\",\"@id\":\"https:\/\/buybluepills.com\/#website\",\"url\":\"https:\/\/buybluepills.com\/\",\"name\":\"Buy Blue Pills\",\"description\":\"\",\"publisher\":{\"@id\":\"https:\/\/buybluepills.com\/#organization\"},\"potentialAction\":[{\"@type\":\"SearchAction\",\"target\":{\"@type\":\"EntryPoint\",\"urlTemplate\":\"https:\/\/buybluepills.com\/?s={search_term_string}\"},\"query-input\":\"required name=search_term_string\"}],\"inLanguage\":\"fr-CA\"},{\"@type\":\"Organization\",\"@id\":\"https:\/\/buybluepills.com\/#organization\",\"name\":\"Buy Blue Pills\",\"url\":\"https:\/\/buybluepills.com\/\",\"logo\":{\"@type\":\"ImageObject\",\"inLanguage\":\"fr-CA\",\"@id\":\"https:\/\/buybluepills.com\/#\/schema\/logo\/image\/\",\"url\":\"https:\/\/buybluepills.com\/wp-content\/uploads\/2022\/03\/sild200-1.png\",\"contentUrl\":\"https:\/\/buybluepills.com\/wp-content\/uploads\/2022\/03\/sild200-1.png\",\"width\":500,\"height\":600,\"caption\":\"Buy Blue Pills\"},\"image\":{\"@id\":\"https:\/\/buybluepills.com\/#\/schema\/logo\/image\/\"}}]}<\/script>\n<!-- \/ Yoast SEO plugin. -->","yoast_head_json":{"title":"Tadalafil 40 mg GENERIC CIALIS (as low as 10.24 CAD per tablets) - Buy Blue Pills","robots":{"index":"index","follow":"follow","max-snippet":"max-snippet:-1","max-image-preview":"max-image-preview:large","max-video-preview":"max-video-preview:-1"},"canonical":"https:\/\/buybluepills.com\/fr\/produit\/tadalafil-40-mg-generic-cialis-as-low-as-2-usd-per-tablets\/","og_locale":"fr_CA","og_type":"article","og_title":"Tadalafil 40 mg GENERIC CIALIS (as low as 10.24 CAD per tablets) - Buy Blue Pills","og_description":"PLEASE TAKE IN NOTE THAT THIS PRODUCT IS BRANDED VIDALISTA (AS SHOWN IN THE PICTURE) IT COME IN BLISTER ON 10 TABS  &nbsp;  Tadalafil is used to treat male sexual function problems (impotence or erectile dysfunction-ED)  To treat erectile dysfunction-ED, there are 2 ways that tadalafil may be prescribed. Your doctor will determine which is the best way for you to take tadalafil. Follow your doctor's directions exactly since your dosage depends on how you are taking it. The first way is to take it as needed, usually at least 30 minutes before sexual activity. Tadalafil's effect on sexual ability may last up to 36 hours.  The second way to treat ED is to take tadalafil regularly, once a day every day. If you take it this way, you may attempt sexual activity at any time between your doses.  ALL OUR PRODUCTS ARE FDA AUTHORIZED , SEALED IN BLISTER STRIPS WITH A\u00a0 MINIMUM 2 YEARS EXPIRY DATE","og_url":"https:\/\/buybluepills.com\/fr\/produit\/tadalafil-40-mg-generic-cialis-as-low-as-2-usd-per-tablets\/","og_site_name":"Buy Blue Pills","article_modified_time":"2024-04-12T23:52:13+00:00","og_image":[{"width":500,"height":600,"url":"https:\/\/buybluepills.com\/wp-content\/uploads\/2022\/07\/tada40.png","type":"image\/png"}],"twitter_card":"summary_large_image","twitter_misc":{"Estimation du temps de lecture":"2 minutes"},"schema":{"@context":"https:\/\/schema.org","@graph":[{"@type":"WebPage","@id":"https:\/\/buybluepills.com\/product\/tadalafil-40-mg-generic-cialis-as-low-as-2-usd-per-tablets\/","url":"https:\/\/buybluepills.com\/product\/tadalafil-40-mg-generic-cialis-as-low-as-2-usd-per-tablets\/","name":"Tadalafil 40 mg GENERIC CIALIS (as low as 10.24 CAD per tablets) - Buy Blue Pills","isPartOf":{"@id":"https:\/\/buybluepills.com\/#website"},"datePublished":"2022-03-03T16:43:10+00:00","dateModified":"2024-04-12T23:52:13+00:00","breadcrumb":{"@id":"https:\/\/buybluepills.com\/product\/tadalafil-40-mg-generic-cialis-as-low-as-2-usd-per-tablets\/#breadcrumb"},"inLanguage":"fr-CA","potentialAction":[{"@type":"ReadAction","target":["https:\/\/buybluepills.com\/product\/tadalafil-40-mg-generic-cialis-as-low-as-2-usd-per-tablets\/"]}]},{"@type":"BreadcrumbList","@id":"https:\/\/buybluepills.com\/product\/tadalafil-40-mg-generic-cialis-as-low-as-2-usd-per-tablets\/#breadcrumb","itemListElement":[{"@type":"ListItem","position":1,"name":"Home","item":"https:\/\/buybluepills.com\/"},{"@type":"ListItem","position":2,"name":"Shop","item":"https:\/\/buybluepills.com\/shop\/"},{"@type":"ListItem","position":3,"name":"Tadalafil 40 mg GENERIC CIALIS (as low as 10.24 CAD per tablets)"}]},{"@type":"WebSite","@id":"https:\/\/buybluepills.com\/#website","url":"https:\/\/buybluepills.com\/","name":"Buy Blue Pills","description":"","publisher":{"@id":"https:\/\/buybluepills.com\/#organization"},"potentialAction":[{"@type":"SearchAction","target":{"@type":"EntryPoint","urlTemplate":"https:\/\/buybluepills.com\/?s={search_term_string}"},"query-input":"required name=search_term_string"}],"inLanguage":"fr-CA"},{"@type":"Organization","@id":"https:\/\/buybluepills.com\/#organization","name":"Buy Blue Pills","url":"https:\/\/buybluepills.com\/","logo":{"@type":"ImageObject","inLanguage":"fr-CA","@id":"https:\/\/buybluepills.com\/#\/schema\/logo\/image\/","url":"https:\/\/buybluepills.com\/wp-content\/uploads\/2022\/03\/sild200-1.png","contentUrl":"https:\/\/buybluepills.com\/wp-content\/uploads\/2022\/03\/sild200-1.png","width":500,"height":600,"caption":"Buy Blue Pills"},"image":{"@id":"https:\/\/buybluepills.com\/#\/schema\/logo\/image\/"}}]}},"jetpack_sharing_enabled":true,"_links":{"self":[{"href":"https:\/\/buybluepills.com\/fr\/wp-json\/wp\/v2\/product\/688","targetHints":{"allow":["GET"]}}],"collection":[{"href":"https:\/\/buybluepills.com\/fr\/wp-json\/wp\/v2\/product"}],"about":[{"href":"https:\/\/buybluepills.com\/fr\/wp-json\/wp\/v2\/types\/product"}],"replies":[{"embeddable":true,"href":"https:\/\/buybluepills.com\/fr\/wp-json\/wp\/v2\/comments?post=688"}],"wp:featuredmedia":[{"embeddable":true,"href":"https:\/\/buybluepills.com\/fr\/wp-json\/wp\/v2\/media\/3508"}],"wp:attachment":[{"href":"https:\/\/buybluepills.com\/fr\/wp-json\/wp\/v2\/media?parent=688"}],"wp:term":[{"taxonomy":"product_cat","embeddable":true,"href":"https:\/\/buybluepills.com\/fr\/wp-json\/wp\/v2\/product_cat?post=688"},{"taxonomy":"product_tag","embeddable":true,"href":"https:\/\/buybluepills.com\/fr\/wp-json\/wp\/v2\/product_tag?post=688"}],"curies":[{"name":"wp","href":"https:\/\/api.w.org\/{rel}","templated":true}]}}