{"id":694,"date":"2022-03-03T16:51:18","date_gmt":"2022-03-03T16:51:18","guid":{"rendered":"https:\/\/buybluepills.com\/?post_type=product&#038;p=694"},"modified":"2025-09-27T16:13:36","modified_gmt":"2025-09-27T16:13:36","slug":"dapoxetine-60-mg-generic-priligy","status":"publish","type":"product","link":"https:\/\/buybluepills.com\/fr\/produit\/dapoxetine-60-mg-generic-priligy\/","title":{"rendered":"Dapoxetine 60 mg PRILIGY G\u00c9N\u00c9RIQUE (\u00e0 partir de 5 CAD par comprim\u00e9)"},"content":{"rendered":"","protected":false},"excerpt":{"rendered":"<p><strong>VEUILLEZ NOTER QUE CE PRODUIT EST<\/strong><strong> BRANDED DAPOTIME\u00a0 (AS SHOWN IN THE PICTURE) IT COME IN BLISTER ON 10 TABS<br \/>\n<\/strong><\/p>\n<p>&nbsp;<\/p>\n<p><strong>\u00a0<\/strong>La Dapoxetine, commercialis\u00e9e entre autres sous le nom de Priligy, est un <strong>m\u00e9dicament utilis\u00e9 pour le traitement de l&#039;\u00e9jaculation pr\u00e9coce (EP)<\/strong> chez les hommes de 18 \u00e0 64 ans. La dapox\u00e9tine agit en inhibant le transporteur de s\u00e9rotonine, en augmentant l&#039;action de la s\u00e9rotonine au niveau de la fente post-synaptique et, par cons\u00e9quent, en favorisant le retard \u00e9jaculatoire.<\/p>\n<p>Un demi-comprim\u00e9 (dose de 30 mg) est la dose id\u00e9ale pour commencer.<\/p>\n<article>\n<div class=\"nhsuk-grid-row\">\n<div class=\"nhsuk-grid-column-two-thirds\">\n<section>\u00a0<\/section>\n<\/div>\n<\/div>\n<\/article>","protected":false},"featured_media":3513,"comment_status":"open","ping_status":"closed","template":"","meta":[],"product_cat":[98],"product_tag":[72,75,73,78,70,74,71],"class_list":{"0":"post-694","1":"product","2":"type-product","3":"status-publish","4":"has-post-thumbnail","6":"product_cat-canada-e-transfer-warehouse","7":"product_tag-cialis","8":"product_tag-dapoxetine","9":"product_tag-levitra","10":"product_tag-priligy","11":"product_tag-sildenafil","12":"product_tag-tadalafil","13":"product_tag-viagra","15":"first","16":"instock","17":"sold-individually","18":"shipping-taxable","19":"purchasable","20":"product-type-simple"},"yoast_head":"<!-- This site is optimized with the Yoast SEO plugin v21.5 - https:\/\/yoast.com\/wordpress\/plugins\/seo\/ -->\n<title>Dapoxetine 60 mg GENERIC PRILIGY (as low as 5 CAD per tablets) - Buy Blue Pills<\/title>\n<meta name=\"robots\" content=\"index, follow, max-snippet:-1, max-image-preview:large, max-video-preview:-1\" \/>\n<link rel=\"canonical\" href=\"https:\/\/buybluepills.com\/fr\/produit\/dapoxetine-60-mg-generic-priligy\/\" \/>\n<meta property=\"og:locale\" content=\"fr_CA\" \/>\n<meta property=\"og:type\" content=\"article\" \/>\n<meta property=\"og:title\" content=\"Dapoxetine 60 mg GENERIC PRILIGY (as low as 5 CAD per tablets) - Buy Blue Pills\" \/>\n<meta property=\"og:description\" content=\"PLEASE TAKE IN NOTE THAT THIS PRODUCT IS BRANDED DAPOTIME\u00a0 (AS SHOWN IN THE PICTURE) IT COME IN BLISTER ON 10 TABS   &nbsp;  \u00a0Dapoxetine, marketed as Priligy, among others, is a medication used for the treatment of premature ejaculation (PE) in men 18\u201364 years old. Dapoxetine works by inhibiting the serotonin transporter, increasing serotonin&#039;s action at the postsynaptic cleft, and as a consequence promoting ejaculatory delay.  Half a tab (30 mg dose) is the perfect dose to start with.    \u00a0\" \/>\n<meta property=\"og:url\" content=\"https:\/\/buybluepills.com\/fr\/produit\/dapoxetine-60-mg-generic-priligy\/\" \/>\n<meta property=\"og:site_name\" content=\"Buy Blue Pills\" \/>\n<meta property=\"article:modified_time\" content=\"2025-09-27T16:13:36+00:00\" \/>\n<meta property=\"og:image\" content=\"https:\/\/buybluepills.com\/wp-content\/uploads\/2022\/07\/dapox20.png\" \/>\n\t<meta property=\"og:image:width\" content=\"500\" \/>\n\t<meta property=\"og:image:height\" content=\"600\" \/>\n\t<meta property=\"og:image:type\" content=\"image\/png\" \/>\n<meta name=\"twitter:card\" content=\"summary_large_image\" \/>\n<script type=\"application\/ld+json\" class=\"yoast-schema-graph\">{\"@context\":\"https:\/\/schema.org\",\"@graph\":[{\"@type\":\"WebPage\",\"@id\":\"https:\/\/buybluepills.com\/product\/dapoxetine-60-mg-generic-priligy\/\",\"url\":\"https:\/\/buybluepills.com\/product\/dapoxetine-60-mg-generic-priligy\/\",\"name\":\"Dapoxetine 60 mg GENERIC PRILIGY (as low as 5 CAD per tablets) - Buy Blue Pills\",\"isPartOf\":{\"@id\":\"https:\/\/buybluepills.com\/#website\"},\"datePublished\":\"2022-03-03T16:51:18+00:00\",\"dateModified\":\"2025-09-27T16:13:36+00:00\",\"breadcrumb\":{\"@id\":\"https:\/\/buybluepills.com\/product\/dapoxetine-60-mg-generic-priligy\/#breadcrumb\"},\"inLanguage\":\"fr-CA\",\"potentialAction\":[{\"@type\":\"ReadAction\",\"target\":[\"https:\/\/buybluepills.com\/product\/dapoxetine-60-mg-generic-priligy\/\"]}]},{\"@type\":\"BreadcrumbList\",\"@id\":\"https:\/\/buybluepills.com\/product\/dapoxetine-60-mg-generic-priligy\/#breadcrumb\",\"itemListElement\":[{\"@type\":\"ListItem\",\"position\":1,\"name\":\"Home\",\"item\":\"https:\/\/buybluepills.com\/\"},{\"@type\":\"ListItem\",\"position\":2,\"name\":\"Shop\",\"item\":\"https:\/\/buybluepills.com\/shop\/\"},{\"@type\":\"ListItem\",\"position\":3,\"name\":\"Dapoxetine 60 mg GENERIC PRILIGY (as low as 5 CAD per tablets)\"}]},{\"@type\":\"WebSite\",\"@id\":\"https:\/\/buybluepills.com\/#website\",\"url\":\"https:\/\/buybluepills.com\/\",\"name\":\"Buy Blue Pills\",\"description\":\"\",\"publisher\":{\"@id\":\"https:\/\/buybluepills.com\/#organization\"},\"potentialAction\":[{\"@type\":\"SearchAction\",\"target\":{\"@type\":\"EntryPoint\",\"urlTemplate\":\"https:\/\/buybluepills.com\/?s={search_term_string}\"},\"query-input\":\"required name=search_term_string\"}],\"inLanguage\":\"fr-CA\"},{\"@type\":\"Organization\",\"@id\":\"https:\/\/buybluepills.com\/#organization\",\"name\":\"Buy Blue Pills\",\"url\":\"https:\/\/buybluepills.com\/\",\"logo\":{\"@type\":\"ImageObject\",\"inLanguage\":\"fr-CA\",\"@id\":\"https:\/\/buybluepills.com\/#\/schema\/logo\/image\/\",\"url\":\"https:\/\/buybluepills.com\/wp-content\/uploads\/2022\/03\/sild200-1.png\",\"contentUrl\":\"https:\/\/buybluepills.com\/wp-content\/uploads\/2022\/03\/sild200-1.png\",\"width\":500,\"height\":600,\"caption\":\"Buy Blue Pills\"},\"image\":{\"@id\":\"https:\/\/buybluepills.com\/#\/schema\/logo\/image\/\"}}]}<\/script>\n<!-- \/ Yoast SEO plugin. -->","yoast_head_json":{"title":"Dapoxetine 60 mg GENERIC PRILIGY (as low as 5 CAD per tablets) - Buy Blue Pills","robots":{"index":"index","follow":"follow","max-snippet":"max-snippet:-1","max-image-preview":"max-image-preview:large","max-video-preview":"max-video-preview:-1"},"canonical":"https:\/\/buybluepills.com\/fr\/produit\/dapoxetine-60-mg-generic-priligy\/","og_locale":"fr_CA","og_type":"article","og_title":"Dapoxetine 60 mg GENERIC PRILIGY (as low as 5 CAD per tablets) - Buy Blue Pills","og_description":"PLEASE TAKE IN NOTE THAT THIS PRODUCT IS BRANDED DAPOTIME\u00a0 (AS SHOWN IN THE PICTURE) IT COME IN BLISTER ON 10 TABS   &nbsp;  \u00a0Dapoxetine, marketed as Priligy, among others, is a medication used for the treatment of premature ejaculation (PE) in men 18\u201364 years old. Dapoxetine works by inhibiting the serotonin transporter, increasing serotonin's action at the postsynaptic cleft, and as a consequence promoting ejaculatory delay.  Half a tab (30 mg dose) is the perfect dose to start with.    \u00a0","og_url":"https:\/\/buybluepills.com\/fr\/produit\/dapoxetine-60-mg-generic-priligy\/","og_site_name":"Buy Blue Pills","article_modified_time":"2025-09-27T16:13:36+00:00","og_image":[{"width":500,"height":600,"url":"https:\/\/buybluepills.com\/wp-content\/uploads\/2022\/07\/dapox20.png","type":"image\/png"}],"twitter_card":"summary_large_image","schema":{"@context":"https:\/\/schema.org","@graph":[{"@type":"WebPage","@id":"https:\/\/buybluepills.com\/product\/dapoxetine-60-mg-generic-priligy\/","url":"https:\/\/buybluepills.com\/product\/dapoxetine-60-mg-generic-priligy\/","name":"Dapoxetine 60 mg GENERIC PRILIGY (as low as 5 CAD per tablets) - Buy Blue Pills","isPartOf":{"@id":"https:\/\/buybluepills.com\/#website"},"datePublished":"2022-03-03T16:51:18+00:00","dateModified":"2025-09-27T16:13:36+00:00","breadcrumb":{"@id":"https:\/\/buybluepills.com\/product\/dapoxetine-60-mg-generic-priligy\/#breadcrumb"},"inLanguage":"fr-CA","potentialAction":[{"@type":"ReadAction","target":["https:\/\/buybluepills.com\/product\/dapoxetine-60-mg-generic-priligy\/"]}]},{"@type":"BreadcrumbList","@id":"https:\/\/buybluepills.com\/product\/dapoxetine-60-mg-generic-priligy\/#breadcrumb","itemListElement":[{"@type":"ListItem","position":1,"name":"Home","item":"https:\/\/buybluepills.com\/"},{"@type":"ListItem","position":2,"name":"Shop","item":"https:\/\/buybluepills.com\/shop\/"},{"@type":"ListItem","position":3,"name":"Dapoxetine 60 mg GENERIC PRILIGY (as low as 5 CAD per tablets)"}]},{"@type":"WebSite","@id":"https:\/\/buybluepills.com\/#website","url":"https:\/\/buybluepills.com\/","name":"Buy Blue Pills","description":"","publisher":{"@id":"https:\/\/buybluepills.com\/#organization"},"potentialAction":[{"@type":"SearchAction","target":{"@type":"EntryPoint","urlTemplate":"https:\/\/buybluepills.com\/?s={search_term_string}"},"query-input":"required name=search_term_string"}],"inLanguage":"fr-CA"},{"@type":"Organization","@id":"https:\/\/buybluepills.com\/#organization","name":"Buy Blue Pills","url":"https:\/\/buybluepills.com\/","logo":{"@type":"ImageObject","inLanguage":"fr-CA","@id":"https:\/\/buybluepills.com\/#\/schema\/logo\/image\/","url":"https:\/\/buybluepills.com\/wp-content\/uploads\/2022\/03\/sild200-1.png","contentUrl":"https:\/\/buybluepills.com\/wp-content\/uploads\/2022\/03\/sild200-1.png","width":500,"height":600,"caption":"Buy Blue Pills"},"image":{"@id":"https:\/\/buybluepills.com\/#\/schema\/logo\/image\/"}}]}},"jetpack_sharing_enabled":true,"_links":{"self":[{"href":"https:\/\/buybluepills.com\/fr\/wp-json\/wp\/v2\/product\/694","targetHints":{"allow":["GET"]}}],"collection":[{"href":"https:\/\/buybluepills.com\/fr\/wp-json\/wp\/v2\/product"}],"about":[{"href":"https:\/\/buybluepills.com\/fr\/wp-json\/wp\/v2\/types\/product"}],"replies":[{"embeddable":true,"href":"https:\/\/buybluepills.com\/fr\/wp-json\/wp\/v2\/comments?post=694"}],"wp:featuredmedia":[{"embeddable":true,"href":"https:\/\/buybluepills.com\/fr\/wp-json\/wp\/v2\/media\/3513"}],"wp:attachment":[{"href":"https:\/\/buybluepills.com\/fr\/wp-json\/wp\/v2\/media?parent=694"}],"wp:term":[{"taxonomy":"product_cat","embeddable":true,"href":"https:\/\/buybluepills.com\/fr\/wp-json\/wp\/v2\/product_cat?post=694"},{"taxonomy":"product_tag","embeddable":true,"href":"https:\/\/buybluepills.com\/fr\/wp-json\/wp\/v2\/product_tag?post=694"}],"curies":[{"name":"wp","href":"https:\/\/api.w.org\/{rel}","templated":true}]}}